{"id":204772,"date":"2024-11-21T18:24:21","date_gmt":"2024-11-21T17:24:21","guid":{"rendered":"https:\/\/vivibrands.fr\/?page_id=204772"},"modified":"2025-10-01T20:44:19","modified_gmt":"2025-10-01T19:44:19","slug":"rechtliche-hinweise","status":"publish","type":"page","link":"https:\/\/vivibrands.fr\/de\/rechtliche-hinweise\/","title":{"rendered":"Impressum"},"content":{"rendered":"<div data-elementor-type=\"wp-page\" data-elementor-id=\"204772\" class=\"elementor elementor-204772\" data-elementor-post-type=\"page\">\n\t\t\t\t<div class=\"elementor-element elementor-element-4c679c5 e-con-full e-flex e-con e-parent\" data-id=\"4c679c5\" data-element_type=\"container\" data-e-type=\"container\">\n\t\t<div class=\"elementor-element elementor-element-b35724f e-con-full e-flex e-con e-child\" data-id=\"b35724f\" data-element_type=\"container\" data-e-type=\"container\">\n\t\t\t\t<div class=\"elementor-element elementor-element-29224d0 elementor-nav-menu--dropdown-tablet elementor-nav-menu__text-align-aside elementor-widget elementor-widget-nav-menu\" data-id=\"29224d0\" data-element_type=\"widget\" data-e-type=\"widget\" data-settings=\"{&quot;layout&quot;:&quot;horizontal&quot;,&quot;submenu_icon&quot;:{&quot;value&quot;:&quot;&lt;svg aria-hidden=\\&quot;true\\&quot; class=\\&quot;e-font-icon-svg e-fas-caret-down\\&quot; viewBox=\\&quot;0 0 320 512\\&quot; xmlns=\\&quot;http:\\\/\\\/www.w3.org\\\/2000\\\/svg\\&quot;&gt;&lt;path d=\\&quot;M31.3 192h257.3c17.8 0 26.7 21.5 14.1 34.1L174.1 354.8c-7.8 7.8-20.5 7.8-28.3 0L17.2 226.1C4.6 213.5 13.5 192 31.3 192z\\&quot;&gt;&lt;\\\/path&gt;&lt;\\\/svg&gt;&quot;,&quot;library&quot;:&quot;fa-solid&quot;}}\" data-widget_type=\"nav-menu.default\">\n\t\t\t\t\t\t\t\t<nav aria-label=\"Rechtliche Informationen\" class=\"elementor-nav-menu--main elementor-nav-menu__container elementor-nav-menu--layout-horizontal e--pointer-underline e--animation-fade\">\n\t\t\t\t<ul id=\"menu-1-29224d0\" class=\"elementor-nav-menu\"><li class=\"menu-item menu-item-type-post_type menu-item-object-page menu-item-228190\"><a href=\"https:\/\/vivibrands.fr\/de\/rechtliche-hinweise\/\" class=\"elementor-item\">Impressum<\/a><\/li>\n<li class=\"menu-item menu-item-type-post_type menu-item-object-page menu-item-privacy-policy menu-item-228220\"><a rel=\"privacy-policy\" href=\"https:\/\/vivibrands.fr\/de\/datenschutzrichtlinie\/\" class=\"elementor-item\">Datenschutzrichtlinie<\/a><\/li>\n<li class=\"menu-item menu-item-type-post_type menu-item-object-page menu-item-228188\"><a href=\"https:\/\/vivibrands.fr\/de\/allgemeine-nutzungsbedingungen\/\" class=\"elementor-item\">Allgemeine Nutzungsbedingungen (ANB)<\/a><\/li>\n<li class=\"menu-item menu-item-type-post_type menu-item-object-page menu-item-228189\"><a href=\"https:\/\/vivibrands.fr\/de\/allgemeine-geschaftsbedingungen\/\" class=\"elementor-item\">Allgemeine Verkaufsbedingungen (AVB)<\/a><\/li>\n<\/ul>\t\t\t<\/nav>\n\t\t\t\t\t\t<nav class=\"elementor-nav-menu--dropdown elementor-nav-menu__container\" aria-hidden=\"true\">\n\t\t\t\t<ul id=\"menu-2-29224d0\" class=\"elementor-nav-menu\"><li class=\"menu-item menu-item-type-post_type menu-item-object-page menu-item-228190\"><a href=\"https:\/\/vivibrands.fr\/de\/rechtliche-hinweise\/\" class=\"elementor-item\" tabindex=\"-1\">Impressum<\/a><\/li>\n<li class=\"menu-item menu-item-type-post_type menu-item-object-page menu-item-privacy-policy menu-item-228220\"><a rel=\"privacy-policy\" href=\"https:\/\/vivibrands.fr\/de\/datenschutzrichtlinie\/\" class=\"elementor-item\" tabindex=\"-1\">Datenschutzrichtlinie<\/a><\/li>\n<li class=\"menu-item menu-item-type-post_type menu-item-object-page menu-item-228188\"><a href=\"https:\/\/vivibrands.fr\/de\/allgemeine-nutzungsbedingungen\/\" class=\"elementor-item\" tabindex=\"-1\">Allgemeine Nutzungsbedingungen (ANB)<\/a><\/li>\n<li class=\"menu-item menu-item-type-post_type menu-item-object-page menu-item-228189\"><a href=\"https:\/\/vivibrands.fr\/de\/allgemeine-geschaftsbedingungen\/\" class=\"elementor-item\" tabindex=\"-1\">Allgemeine Verkaufsbedingungen (AVB)<\/a><\/li>\n<\/ul>\t\t\t<\/nav>\n\t\t\t\t\t\t<\/div>\n\t\t\t\t<\/div>\n\t\t<div class=\"elementor-element elementor-element-34a9399 e-con-full e-flex e-con e-child\" data-id=\"34a9399\" data-element_type=\"container\" data-e-type=\"container\">\n\t\t\t\t<div class=\"elementor-element elementor-element-909acb3 elementor-widget elementor-widget-heading\" data-id=\"909acb3\" data-element_type=\"widget\" data-e-type=\"widget\" data-widget_type=\"heading.default\">\n\t\t\t\t\t<h2 class=\"elementor-heading-title elementor-size-default\">Impressum\n<\/h2>\t\t\t\t<\/div>\n\t\t\t\t<div class=\"elementor-element elementor-element-8f24535 elementor-widget elementor-widget-heading\" data-id=\"8f24535\" data-element_type=\"widget\" data-e-type=\"widget\" data-widget_type=\"heading.default\">\n\t\t\t\t\t<h3 class=\"elementor-heading-title elementor-size-default\">Herausgeber der Seite<\/h3>\t\t\t\t<\/div>\n\t\t\t\t<div class=\"elementor-element elementor-element-1244df0 elementor-widget elementor-widget-text-editor\" data-id=\"1244df0\" data-element_type=\"widget\" data-e-type=\"widget\" data-widget_type=\"text-editor.default\">\n\t\t\t\t\t\t\t\t\t<p>Die Seite <strong>ViviBrands<\/strong> wird betrieben von :<br \/><strong>Gesellschaft :<\/strong> SILVERED CORPORATION<br \/><strong>Adresse:<\/strong> 17 B POLE CRAU DURANCE, 13670 SAINT-ANDIOL, Frankreich<br \/><strong>SIRET :<\/strong> 88757817700016<br \/><strong>Intrakommunale Umsatzsteuer-Identifikationsnummer :<\/strong> DE56887578177<br \/><strong>Zust\u00e4ndiges Gericht :<\/strong> Tarascon (Handelsgericht)<\/p><p><strong>E-Mail:<\/strong> <span style=\"text-decoration: underline;\"><a href=\"mailto:contact@vivibrands-couture.com\" target=\"_blank\" rel=\"noopener\">contact@vivibrands-couture.com<\/a><\/span><br \/><strong>Kontakt f\u00fcr pers\u00f6nliche Daten :<\/strong> <span style=\"text-decoration: underline;\"><a href=\"mailto:dataprotection@vivibrands-couture.com\" target=\"_blank\" rel=\"noopener\">dataprotection@vivibrands-couture.com<\/a><\/span><\/p>\t\t\t\t\t\t\t\t<\/div>\n\t\t\t\t<div class=\"elementor-element elementor-element-b2aa84f elementor-widget-divider--view-line elementor-widget elementor-widget-divider\" data-id=\"b2aa84f\" data-element_type=\"widget\" data-e-type=\"widget\" data-widget_type=\"divider.default\">\n\t\t\t\t\t\t\t<div class=\"elementor-divider\">\n\t\t\t<span class=\"elementor-divider-separator\">\n\t\t\t\t\t\t<\/span>\n\t\t<\/div>\n\t\t\t\t\t\t<\/div>\n\t\t\t\t<div class=\"elementor-element elementor-element-24472a5 elementor-widget elementor-widget-heading\" data-id=\"24472a5\" data-element_type=\"widget\" data-e-type=\"widget\" data-widget_type=\"heading.default\">\n\t\t\t\t\t<h3 class=\"elementor-heading-title elementor-size-default\">Unterkunft<\/h3>\t\t\t\t<\/div>\n\t\t\t\t<div class=\"elementor-element elementor-element-d55c42d elementor-widget elementor-widget-text-editor\" data-id=\"d55c42d\" data-element_type=\"widget\" data-e-type=\"widget\" data-widget_type=\"text-editor.default\">\n\t\t\t\t\t\t\t\t\t<div class=\"elementor-element elementor-element-d55c42d elementor-widget elementor-widget-text-editor\" data-widget_type=\"text-editor.default\" data-element_type=\"widget\" data-id=\"d55c42d\"><div class=\"elementor-widget-container\"><p class=\"\" data-end=\"125\" data-start=\"20\"><strong data-end=\"75\" data-start=\"20\">Hauptstandort (<a href=\"http:\/\/vivibrands.fr\/de\/\" target=\"_blank\" rel=\"noopener\">vivibrands.de<\/a> &amp; WordPress-Blog)<\/strong><br data-end=\"78\" data-start=\"75\" \/>Gehostet von Hostinger International Limited<\/p><ul><li data-end=\"125\" data-start=\"20\">Code der juristischen Person: CY10301365E<\/li><li data-end=\"166\" data-start=\"130\">Hauptsitz: 61, Lordou Vironos Street, Lumiel Building, 4\u1d49 Stock, Larnaca 6023, Zypern<\/li><li data-end=\"294\" data-start=\"264\">Website :\u00a0<a class=\"\" href=\"http:\/\/www.hostinger.com\" rel=\"noopener\">www.hostinger.com<\/a><\/li><\/ul><\/div><\/div><div class=\"elementor-element elementor-element-bff3fb3 elementor-widget-divider--view-line elementor-widget elementor-widget-divider\" data-widget_type=\"divider.default\" data-element_type=\"widget\" data-id=\"bff3fb3\"><div class=\"elementor-widget-container\"><div class=\"elementor-divider\"><p class=\"\" data-start=\"298\" data-end=\"408\"><strong data-start=\"298\" data-end=\"345\">Online-Shop (<a href=\"https:\/\/boutique.vivibrands.fr\" target=\"_blank\" rel=\"noopener\">boutique.vivibrands.de<\/a>) <\/strong>Gehostet von Shopify Inc.<\/p><\/div><ul><li data-start=\"413\" data-end=\"529\">Hauptsitz: 151 O'Connor Street, Erdgeschoss, Ottawa (Ontario) K2P 2L8, Kanada<\/li><li data-start=\"534\" data-end=\"560\">Website :\u00a0<a class=\"\" href=\"http:\/\/www.shopify.com\" rel=\"noopener\">www.shopify.com<\/a><\/li><\/ul><\/div><\/div>\t\t\t\t\t\t\t\t<\/div>\n\t\t\t\t<div class=\"elementor-element elementor-element-bff3fb3 elementor-widget-divider--view-line elementor-widget elementor-widget-divider\" data-id=\"bff3fb3\" data-element_type=\"widget\" data-e-type=\"widget\" data-widget_type=\"divider.default\">\n\t\t\t\t\t\t\t<div class=\"elementor-divider\">\n\t\t\t<span class=\"elementor-divider-separator\">\n\t\t\t\t\t\t<\/span>\n\t\t<\/div>\n\t\t\t\t\t\t<\/div>\n\t\t\t\t<div class=\"elementor-element elementor-element-f8ba328 elementor-widget elementor-widget-heading\" data-id=\"f8ba328\" data-element_type=\"widget\" data-e-type=\"widget\" data-widget_type=\"heading.default\">\n\t\t\t\t\t<h3 class=\"elementor-heading-title elementor-size-default\">Geistiges Eigentum<\/h3>\t\t\t\t<\/div>\n\t\t\t\t<div class=\"elementor-element elementor-element-e95dd9d elementor-widget elementor-widget-text-editor\" data-id=\"e95dd9d\" data-element_type=\"widget\" data-e-type=\"widget\" data-widget_type=\"text-editor.default\">\n\t\t\t\t\t\t\t\t\t<p>Alle auf dieser Website verf\u00fcgbaren Elemente (Texte, Bilder, Grafiken, Logos, Videos, Icons usw.) sind durch die geltenden Gesetze zum Schutz des geistigen Eigentums in Frankreich und in anderen L\u00e4ndern, in denen die Website zug\u00e4nglich ist, gesch\u00fctzt.<\/p><p>Jede Vervielf\u00e4ltigung, Verbreitung, \u00c4nderung oder Nutzung der Inhalte, auch teilweise, ohne vorherige Genehmigung von <strong>SILVERED CORPORATION<\/strong> ist strengstens untersagt. Solche Verst\u00f6\u00dfe k\u00f6nnen nach den Gesetzen des Landes, in dem Sie Ihren Wohnsitz haben, strafrechtlich verfolgt werden.<\/p>\t\t\t\t\t\t\t\t<\/div>\n\t\t\t\t<div class=\"elementor-element elementor-element-73d8856 elementor-widget-divider--view-line elementor-widget elementor-widget-divider\" data-id=\"73d8856\" data-element_type=\"widget\" data-e-type=\"widget\" data-widget_type=\"divider.default\">\n\t\t\t\t\t\t\t<div class=\"elementor-divider\">\n\t\t\t<span class=\"elementor-divider-separator\">\n\t\t\t\t\t\t<\/span>\n\t\t<\/div>\n\t\t\t\t\t\t<\/div>\n\t\t\t\t<div class=\"elementor-element elementor-element-4dbe444 elementor-widget elementor-widget-heading\" data-id=\"4dbe444\" data-element_type=\"widget\" data-e-type=\"widget\" data-widget_type=\"heading.default\">\n\t\t\t\t\t<h3 class=\"elementor-heading-title elementor-size-default\">Verantwortung<\/h3>\t\t\t\t<\/div>\n\t\t\t\t<div class=\"elementor-element elementor-element-86ae2f5 elementor-widget elementor-widget-text-editor\" data-id=\"86ae2f5\" data-element_type=\"widget\" data-e-type=\"widget\" data-widget_type=\"text-editor.default\">\n\t\t\t\t\t\t\t\t\t<p><strong>SILVERED CORPORATION<\/strong> unternimmt alle Anstrengungen, um genaue und aktuelle Informationen auf der ViviBrands-Website bereitzustellen. Das Unternehmen \u00fcbernimmt jedoch keine Garantie f\u00fcr die Richtigkeit, Vollst\u00e4ndigkeit oder Aktualit\u00e4t der bereitgestellten Informationen und schlie\u00dft jegliche Haftung f\u00fcr direkte oder indirekte Sch\u00e4den aus, die sich aus der Nutzung dieser Website ergeben.<\/p>\t\t\t\t\t\t\t\t<\/div>\n\t\t\t\t<div class=\"elementor-element elementor-element-47dbc07 elementor-widget-divider--view-line elementor-widget elementor-widget-divider\" data-id=\"47dbc07\" data-element_type=\"widget\" data-e-type=\"widget\" data-widget_type=\"divider.default\">\n\t\t\t\t\t\t\t<div class=\"elementor-divider\">\n\t\t\t<span class=\"elementor-divider-separator\">\n\t\t\t\t\t\t<\/span>\n\t\t<\/div>\n\t\t\t\t\t\t<\/div>\n\t\t\t\t<div class=\"elementor-element elementor-element-b53e73e elementor-widget elementor-widget-heading\" data-id=\"b53e73e\" data-element_type=\"widget\" data-e-type=\"widget\" data-widget_type=\"heading.default\">\n\t\t\t\t\t<h3 class=\"elementor-heading-title elementor-size-default\">Verwendung von pers\u00f6nlichen Daten<\/h3>\t\t\t\t<\/div>\n\t\t\t\t<div class=\"elementor-element elementor-element-cab8502 elementor-widget elementor-widget-text-editor\" data-id=\"cab8502\" data-element_type=\"widget\" data-e-type=\"widget\" data-widget_type=\"text-editor.default\">\n\t\t\t\t\t\t\t\t\t<p>Ausf\u00fchrliche Informationen \u00fcber die Erhebung und Verarbeitung Ihrer personenbezogenen Daten finden Sie in unserem <a href=\"#\" rel=\"noopener\"><span style=\"text-decoration: underline;\">Datenschutzrichtlinie<\/span><\/a>.<\/p>\t\t\t\t\t\t\t\t<\/div>\n\t\t\t\t<div class=\"elementor-element elementor-element-dd4ba7c elementor-widget-divider--view-line elementor-widget elementor-widget-divider\" data-id=\"dd4ba7c\" data-element_type=\"widget\" data-e-type=\"widget\" data-widget_type=\"divider.default\">\n\t\t\t\t\t\t\t<div class=\"elementor-divider\">\n\t\t\t<span class=\"elementor-divider-separator\">\n\t\t\t\t\t\t<\/span>\n\t\t<\/div>\n\t\t\t\t\t\t<\/div>\n\t\t\t\t<div class=\"elementor-element elementor-element-b3aae79 elementor-widget elementor-widget-heading\" data-id=\"b3aae79\" data-element_type=\"widget\" data-e-type=\"widget\" data-widget_type=\"heading.default\">\n\t\t\t\t\t<h3 class=\"elementor-heading-title elementor-size-default\">Cookies<\/h3>\t\t\t\t<\/div>\n\t\t\t\t<div class=\"elementor-element elementor-element-1bc14c5 elementor-widget elementor-widget-text-editor\" data-id=\"1bc14c5\" data-element_type=\"widget\" data-e-type=\"widget\" data-widget_type=\"text-editor.default\">\n\t\t\t\t\t\t\t\t\t<p>Diese Seite verwendet Cookies, um die Nutzererfahrung zu verbessern und den Datenverkehr zu analysieren. F\u00fcr weitere Informationen oder um Ihre Einstellungen anzupassen, besuchen Sie bitte unsere <a href=\"#\" rel=\"noopener\">Cookie-Richtlinie<\/a>.<\/p>\t\t\t\t\t\t\t\t<\/div>\n\t\t\t\t<div class=\"elementor-element elementor-element-8491324 elementor-widget-divider--view-line elementor-widget elementor-widget-divider\" data-id=\"8491324\" data-element_type=\"widget\" data-e-type=\"widget\" data-widget_type=\"divider.default\">\n\t\t\t\t\t\t\t<div class=\"elementor-divider\">\n\t\t\t<span class=\"elementor-divider-separator\">\n\t\t\t\t\t\t<\/span>\n\t\t<\/div>\n\t\t\t\t\t\t<\/div>\n\t\t\t\t<div class=\"elementor-element elementor-element-4a13357 elementor-widget elementor-widget-heading\" data-id=\"4a13357\" data-element_type=\"widget\" data-e-type=\"widget\" data-widget_type=\"heading.default\">\n\t\t\t\t\t<h3 class=\"elementor-heading-title elementor-size-default\">Anwendbare Rechtsprechung<\/h3>\t\t\t\t<\/div>\n\t\t\t\t<div class=\"elementor-element elementor-element-4cf93f8 elementor-widget elementor-widget-text-editor\" data-id=\"4cf93f8\" data-element_type=\"widget\" data-e-type=\"widget\" data-widget_type=\"text-editor.default\">\n\t\t\t\t\t\t\t\t\t<p>F\u00fcr alle Streitigkeiten im Zusammenhang mit der Nutzung der Website ViviBrands :<\/p><ol><li>Transaktionen, die innerhalb der Europ\u00e4ischen Union durchgef\u00fchrt werden, unterliegen den Gesetzen und zust\u00e4ndigen Gerichten des Landes des K\u00e4ufers gem\u00e4\u00df den EU-Vorschriften (Verordnung (EU) Nr. 1215\/2012).<\/li><li>F\u00fcr internationale Transaktionen au\u00dferhalb der EU gilt franz\u00f6sisches Recht, und die zust\u00e4ndigen Gerichte sind die Gerichte am Gesch\u00e4ftssitz von SILVERED CORPORATION.<\/li><\/ol>\t\t\t\t\t\t\t\t<\/div>\n\t\t\t\t<\/div>\n\t\t\t\t<\/div>\n\t\t\t\t<\/div>","protected":false},"excerpt":{"rendered":"<p>Mentions L\u00e9gales \u00c9diteur du site Le site ViviBrands est exploit\u00e9 par :Soci\u00e9t\u00e9 : SILVERED CORPORATIONAdresse : 17 B POLE CRAU DURANCE, 13670 SAINT-ANDIOL, FranceSIRET : 88757817700016Num\u00e9ro TVA Intracommunautaire : FR56887578177Tribunal comp\u00e9tent : Tarascon (Tribunal de Commerce) Email : contact@vivibrands-couture.comContact pour les donn\u00e9es personnelles : dataprotection@vivibrands-couture.com H\u00e9bergement Site principal (vivibrands.fr &amp; blog WordPress)H\u00e9berg\u00e9 par Hostinger International [&hellip;]<\/p>\n","protected":false},"author":1,"featured_media":0,"parent":0,"menu_order":0,"comment_status":"closed","ping_status":"closed","template":"","meta":{"footnotes":""},"class_list":["post-204772","page","type-page","status-publish","hentry"],"yoast_head":"<!-- This site is optimized with the Yoast SEO Premium plugin v25.9 (Yoast SEO v27.2) - https:\/\/yoast.com\/product\/yoast-seo-premium-wordpress\/ -->\n<title>Mentions l\u00e9gales | ViviBrands<\/title>\n<meta name=\"description\" content=\"Mentions l\u00e9gales : \u00e9diteur du site, informations d\u2019identification, propri\u00e9t\u00e9 intellectuelle, donn\u00e9es de contact et responsabilit\u00e9s.\" \/>\n<meta name=\"robots\" content=\"index, follow, max-snippet:-1, max-video-preview:-1, noimageindex, noarchive\" \/>\n<link rel=\"canonical\" href=\"https:\/\/vivibrands.fr\/de\/rechtliche-hinweise\/\" \/>\n<meta property=\"og:locale\" content=\"de_DE\" \/>\n<meta property=\"og:type\" content=\"article\" \/>\n<meta property=\"og:title\" content=\"Mentions L\u00e9gales\" \/>\n<meta property=\"og:description\" content=\"Mentions l\u00e9gales : \u00e9diteur du site, informations d\u2019identification, propri\u00e9t\u00e9 intellectuelle, donn\u00e9es de contact et responsabilit\u00e9s.\" \/>\n<meta property=\"og:url\" content=\"https:\/\/vivibrands.fr\/de\/rechtliche-hinweise\/\" \/>\n<meta property=\"og:site_name\" content=\"ViviBrands\" \/>\n<meta property=\"article:modified_time\" content=\"2025-10-01T19:44:19+00:00\" \/>\n<meta name=\"twitter:card\" content=\"summary_large_image\" \/>\n<meta name=\"twitter:label1\" content=\"Gesch\u00e4tzte Lesezeit\" \/>\n\t<meta name=\"twitter:data1\" content=\"1\u00a0Minute\" \/>\n<script type=\"application\/ld+json\" class=\"yoast-schema-graph\">{\"@context\":\"https:\/\/schema.org\",\"@graph\":[{\"@type\":\"WebPage\",\"@id\":\"https:\/\/vivibrands.fr\/mentions-legales\/\",\"url\":\"https:\/\/vivibrands.fr\/mentions-legales\/\",\"name\":\"Mentions l\u00e9gales | ViviBrands\",\"isPartOf\":{\"@id\":\"https:\/\/vivibrands.fr\/#website\"},\"datePublished\":\"2024-11-21T17:24:21+00:00\",\"dateModified\":\"2025-10-01T19:44:19+00:00\",\"description\":\"Mentions l\u00e9gales : \u00e9diteur du site, informations d\u2019identification, propri\u00e9t\u00e9 intellectuelle, donn\u00e9es de contact et responsabilit\u00e9s.\",\"breadcrumb\":{\"@id\":\"https:\/\/vivibrands.fr\/mentions-legales\/#breadcrumb\"},\"inLanguage\":\"de\",\"potentialAction\":[{\"@type\":\"ReadAction\",\"target\":[\"https:\/\/vivibrands.fr\/mentions-legales\/\"]}]},{\"@type\":\"BreadcrumbList\",\"@id\":\"https:\/\/vivibrands.fr\/mentions-legales\/#breadcrumb\",\"itemListElement\":[{\"@type\":\"ListItem\",\"position\":1,\"name\":\"Accueil\",\"item\":\"https:\/\/vivibrands.fr\/\"},{\"@type\":\"ListItem\",\"position\":2,\"name\":\"Mentions l\u00e9gales\"}]},{\"@type\":\"WebSite\",\"@id\":\"https:\/\/vivibrands.fr\/#website\",\"url\":\"https:\/\/vivibrands.fr\/\",\"name\":\"ViviBrands\",\"description\":\"The world is yours !\",\"publisher\":{\"@id\":\"https:\/\/vivibrands.fr\/#organization\"},\"potentialAction\":[{\"@type\":\"SearchAction\",\"target\":{\"@type\":\"EntryPoint\",\"urlTemplate\":\"https:\/\/vivibrands.fr\/?s={search_term_string}\"},\"query-input\":{\"@type\":\"PropertyValueSpecification\",\"valueRequired\":true,\"valueName\":\"search_term_string\"}}],\"inLanguage\":\"de\"},{\"@type\":\"Organization\",\"@id\":\"https:\/\/vivibrands.fr\/#organization\",\"name\":\"Silvered Corporation\",\"url\":\"https:\/\/vivibrands.fr\/\",\"logo\":{\"@type\":\"ImageObject\",\"inLanguage\":\"de\",\"@id\":\"https:\/\/vivibrands.fr\/#\/schema\/logo\/image\/\",\"url\":\"https:\/\/vivibrands.fr\/wp-content\/uploads\/2025\/08\/Logo_Logo_WEB_Complet-Noir-Blanc.svg\",\"contentUrl\":\"https:\/\/vivibrands.fr\/wp-content\/uploads\/2025\/08\/Logo_Logo_WEB_Complet-Noir-Blanc.svg\",\"width\":3000,\"height\":3000,\"caption\":\"Silvered Corporation\"},\"image\":{\"@id\":\"https:\/\/vivibrands.fr\/#\/schema\/logo\/image\/\"},\"description\":\"Silvered Corporation est l\u2019entit\u00e9 juridique du groupe ViviPops, portail qui r\u00e9unit nos marques. Notre division mode ViviBrands propose en Europe des v\u00eatements, accessoires et chaussures pour tous. Nous favorisons les fili\u00e8res et mati\u00e8res plus responsables lorsque c\u2019est possible et indiquons, produit par produit, les informations de composition, de tra\u00e7abilit\u00e9 et de durabilit\u00e9 disponibles.\",\"legalName\":\"Silvered Corporation\",\"foundingDate\":\"2020-07-28\",\"vatID\":\"FR56887578177\",\"taxID\":\"88757817700016\",\"numberOfEmployees\":{\"@type\":\"QuantitativeValue\",\"minValue\":\"1\",\"maxValue\":\"10\"}}]}<\/script>\n<!-- \/ Yoast SEO Premium plugin. -->","yoast_head_json":{"title":"Rechtliche Hinweise | ViviBrands","description":"Rechtliche Hinweise: Herausgeber der Website, Identifikationsinformationen, geistiges Eigentum, Kontaktdaten und Verantwortlichkeiten.","robots":{"index":"index","follow":"follow","max-snippet":"max-snippet:-1","max-video-preview":"max-video-preview:-1","imageindex":"noimageindex","archive":"noarchive"},"canonical":"https:\/\/vivibrands.fr\/de\/rechtliche-hinweise\/","og_locale":"de_DE","og_type":"article","og_title":"Mentions L\u00e9gales","og_description":"Mentions l\u00e9gales : \u00e9diteur du site, informations d\u2019identification, propri\u00e9t\u00e9 intellectuelle, donn\u00e9es de contact et responsabilit\u00e9s.","og_url":"https:\/\/vivibrands.fr\/de\/rechtliche-hinweise\/","og_site_name":"ViviBrands","article_modified_time":"2025-10-01T19:44:19+00:00","twitter_card":"summary_large_image","twitter_misc":{"Gesch\u00e4tzte Lesezeit":"1\u00a0Minute"},"schema":{"@context":"https:\/\/schema.org","@graph":[{"@type":"WebPage","@id":"https:\/\/vivibrands.fr\/mentions-legales\/","url":"https:\/\/vivibrands.fr\/mentions-legales\/","name":"Rechtliche Hinweise | ViviBrands","isPartOf":{"@id":"https:\/\/vivibrands.fr\/#website"},"datePublished":"2024-11-21T17:24:21+00:00","dateModified":"2025-10-01T19:44:19+00:00","description":"Rechtliche Hinweise: Herausgeber der Website, Identifikationsinformationen, geistiges Eigentum, Kontaktdaten und Verantwortlichkeiten.","breadcrumb":{"@id":"https:\/\/vivibrands.fr\/mentions-legales\/#breadcrumb"},"inLanguage":"de","potentialAction":[{"@type":"ReadAction","target":["https:\/\/vivibrands.fr\/mentions-legales\/"]}]},{"@type":"BreadcrumbList","@id":"https:\/\/vivibrands.fr\/mentions-legales\/#breadcrumb","itemListElement":[{"@type":"ListItem","position":1,"name":"Accueil","item":"https:\/\/vivibrands.fr\/"},{"@type":"ListItem","position":2,"name":"Mentions l\u00e9gales"}]},{"@type":"WebSite","@id":"https:\/\/vivibrands.fr\/#website","url":"https:\/\/vivibrands.fr\/","name":"ViviBrands","description":"The world is yours!","publisher":{"@id":"https:\/\/vivibrands.fr\/#organization"},"potentialAction":[{"@type":"SearchAction","target":{"@type":"EntryPoint","urlTemplate":"https:\/\/vivibrands.fr\/?s={search_term_string}"},"query-input":{"@type":"PropertyValueSpecification","valueRequired":true,"valueName":"search_term_string"}}],"inLanguage":"de"},{"@type":"Organization","@id":"https:\/\/vivibrands.fr\/#organization","name":"Silvered Corporation","url":"https:\/\/vivibrands.fr\/","logo":{"@type":"ImageObject","inLanguage":"de","@id":"https:\/\/vivibrands.fr\/#\/schema\/logo\/image\/","url":"https:\/\/vivibrands.fr\/wp-content\/uploads\/2025\/08\/Logo_Logo_WEB_Complet-Noir-Blanc.svg","contentUrl":"https:\/\/vivibrands.fr\/wp-content\/uploads\/2025\/08\/Logo_Logo_WEB_Complet-Noir-Blanc.svg","width":3000,"height":3000,"caption":"Silvered Corporation"},"image":{"@id":"https:\/\/vivibrands.fr\/#\/schema\/logo\/image\/"},"description":"Silvered Corporation ist die juristische Person der ViviPops-Gruppe, das Portal, das unsere Marken vereint. Unsere Modeabteilung ViviBrands bietet in Europa Kleidung, Accessoires und Schuhe f\u00fcr jedermann an. Wir bevorzugen, wo immer m\u00f6glich, verantwortungsvollere Produktionsketten und Materialien und geben Produkt f\u00fcr Produkt an, welche Informationen \u00fcber Zusammensetzung, R\u00fcckverfolgbarkeit und Nachhaltigkeit verf\u00fcgbar sind.","legalName":"Silvered Corporation","foundingDate":"2020-07-28","vatID":"FR56887578177","taxID":"88757817700016","numberOfEmployees":{"@type":"QuantitativeValue","minValue":"1","maxValue":"10"}}]}},"_links":{"self":[{"href":"https:\/\/vivibrands.fr\/de\/wp-json\/wp\/v2\/pages\/204772","targetHints":{"allow":["GET"]}}],"collection":[{"href":"https:\/\/vivibrands.fr\/de\/wp-json\/wp\/v2\/pages"}],"about":[{"href":"https:\/\/vivibrands.fr\/de\/wp-json\/wp\/v2\/types\/page"}],"author":[{"embeddable":true,"href":"https:\/\/vivibrands.fr\/de\/wp-json\/wp\/v2\/users\/1"}],"replies":[{"embeddable":true,"href":"https:\/\/vivibrands.fr\/de\/wp-json\/wp\/v2\/comments?post=204772"}],"version-history":[{"count":10,"href":"https:\/\/vivibrands.fr\/de\/wp-json\/wp\/v2\/pages\/204772\/revisions"}],"predecessor-version":[{"id":228458,"href":"https:\/\/vivibrands.fr\/de\/wp-json\/wp\/v2\/pages\/204772\/revisions\/228458"}],"wp:attachment":[{"href":"https:\/\/vivibrands.fr\/de\/wp-json\/wp\/v2\/media?parent=204772"}],"curies":[{"name":"wp","href":"https:\/\/api.w.org\/{rel}","templated":true}]}}