{"id":204772,"date":"2024-11-21T18:24:21","date_gmt":"2024-11-21T17:24:21","guid":{"rendered":"https:\/\/vivibrands.fr\/?page_id=204772"},"modified":"2025-10-01T20:44:19","modified_gmt":"2025-10-01T19:44:19","slug":"informacion-legal","status":"publish","type":"page","link":"https:\/\/vivibrands.fr\/es\/informacion-legal\/","title":{"rendered":"Aviso legal"},"content":{"rendered":"<div data-elementor-type=\"wp-page\" data-elementor-id=\"204772\" class=\"elementor elementor-204772\" data-elementor-post-type=\"page\">\n\t\t\t\t<div class=\"elementor-element elementor-element-4c679c5 e-con-full e-flex e-con e-parent\" data-id=\"4c679c5\" data-element_type=\"container\" data-e-type=\"container\">\n\t\t<div class=\"elementor-element elementor-element-b35724f e-con-full e-flex e-con e-child\" data-id=\"b35724f\" data-element_type=\"container\" data-e-type=\"container\">\n\t\t\t\t<div class=\"elementor-element elementor-element-29224d0 elementor-nav-menu--dropdown-tablet elementor-nav-menu__text-align-aside elementor-widget elementor-widget-nav-menu\" data-id=\"29224d0\" data-element_type=\"widget\" data-e-type=\"widget\" data-settings=\"{&quot;layout&quot;:&quot;horizontal&quot;,&quot;submenu_icon&quot;:{&quot;value&quot;:&quot;&lt;svg aria-hidden=\\&quot;true\\&quot; class=\\&quot;e-font-icon-svg e-fas-caret-down\\&quot; viewBox=\\&quot;0 0 320 512\\&quot; xmlns=\\&quot;http:\\\/\\\/www.w3.org\\\/2000\\\/svg\\&quot;&gt;&lt;path d=\\&quot;M31.3 192h257.3c17.8 0 26.7 21.5 14.1 34.1L174.1 354.8c-7.8 7.8-20.5 7.8-28.3 0L17.2 226.1C4.6 213.5 13.5 192 31.3 192z\\&quot;&gt;&lt;\\\/path&gt;&lt;\\\/svg&gt;&quot;,&quot;library&quot;:&quot;fa-solid&quot;}}\" data-widget_type=\"nav-menu.default\">\n\t\t\t\t\t\t\t\t<nav aria-label=\"Informaci\u00f3n jur\u00eddica\" class=\"elementor-nav-menu--main elementor-nav-menu__container elementor-nav-menu--layout-horizontal e--pointer-underline e--animation-fade\">\n\t\t\t\t<ul id=\"menu-1-29224d0\" class=\"elementor-nav-menu\"><li class=\"menu-item menu-item-type-post_type menu-item-object-page menu-item-228190\"><a href=\"https:\/\/vivibrands.fr\/es\/informacion-legal\/\" class=\"elementor-item\">Aviso legal<\/a><\/li>\n<li class=\"menu-item menu-item-type-post_type menu-item-object-page menu-item-privacy-policy menu-item-228220\"><a rel=\"privacy-policy\" href=\"https:\/\/vivibrands.fr\/es\/politica-de-privacidad\/\" class=\"elementor-item\">Pol\u00edtica de Privacidad<\/a><\/li>\n<li class=\"menu-item menu-item-type-post_type menu-item-object-page menu-item-228188\"><a href=\"https:\/\/vivibrands.fr\/es\/condiciones-generales-de-utilizacion\/\" class=\"elementor-item\">Condiciones Generales de Uso (CGU)<\/a><\/li>\n<li class=\"menu-item menu-item-type-post_type menu-item-object-page menu-item-228189\"><a href=\"https:\/\/vivibrands.fr\/es\/condiciones-generales-de-venta\/\" class=\"elementor-item\">Condiciones Generales de Venta (CGV)<\/a><\/li>\n<\/ul>\t\t\t<\/nav>\n\t\t\t\t\t\t<nav class=\"elementor-nav-menu--dropdown elementor-nav-menu__container\" aria-hidden=\"true\">\n\t\t\t\t<ul id=\"menu-2-29224d0\" class=\"elementor-nav-menu\"><li class=\"menu-item menu-item-type-post_type menu-item-object-page menu-item-228190\"><a href=\"https:\/\/vivibrands.fr\/es\/informacion-legal\/\" class=\"elementor-item\" tabindex=\"-1\">Aviso legal<\/a><\/li>\n<li class=\"menu-item menu-item-type-post_type menu-item-object-page menu-item-privacy-policy menu-item-228220\"><a rel=\"privacy-policy\" href=\"https:\/\/vivibrands.fr\/es\/politica-de-privacidad\/\" class=\"elementor-item\" tabindex=\"-1\">Pol\u00edtica de Privacidad<\/a><\/li>\n<li class=\"menu-item menu-item-type-post_type menu-item-object-page menu-item-228188\"><a href=\"https:\/\/vivibrands.fr\/es\/condiciones-generales-de-utilizacion\/\" class=\"elementor-item\" tabindex=\"-1\">Condiciones Generales de Uso (CGU)<\/a><\/li>\n<li class=\"menu-item menu-item-type-post_type menu-item-object-page menu-item-228189\"><a href=\"https:\/\/vivibrands.fr\/es\/condiciones-generales-de-venta\/\" class=\"elementor-item\" tabindex=\"-1\">Condiciones Generales de Venta (CGV)<\/a><\/li>\n<\/ul>\t\t\t<\/nav>\n\t\t\t\t\t\t<\/div>\n\t\t\t\t<\/div>\n\t\t<div class=\"elementor-element elementor-element-34a9399 e-con-full e-flex e-con e-child\" data-id=\"34a9399\" data-element_type=\"container\" data-e-type=\"container\">\n\t\t\t\t<div class=\"elementor-element elementor-element-909acb3 elementor-widget elementor-widget-heading\" data-id=\"909acb3\" data-element_type=\"widget\" data-e-type=\"widget\" data-widget_type=\"heading.default\">\n\t\t\t\t\t<h2 class=\"elementor-heading-title elementor-size-default\">Aviso legal\n<\/h2>\t\t\t\t<\/div>\n\t\t\t\t<div class=\"elementor-element elementor-element-8f24535 elementor-widget elementor-widget-heading\" data-id=\"8f24535\" data-element_type=\"widget\" data-e-type=\"widget\" data-widget_type=\"heading.default\">\n\t\t\t\t\t<h3 class=\"elementor-heading-title elementor-size-default\">Editor del sitio<\/h3>\t\t\t\t<\/div>\n\t\t\t\t<div class=\"elementor-element elementor-element-1244df0 elementor-widget elementor-widget-text-editor\" data-id=\"1244df0\" data-element_type=\"widget\" data-e-type=\"widget\" data-widget_type=\"text-editor.default\">\n\t\t\t\t\t\t\t\t\t<p>El sitio web <strong>ViviBrands<\/strong> es operado por :<br \/><strong>Empresa :<\/strong> CORPORACI\u00d3N PLATEADA<br \/><strong>Direcci\u00f3n:<\/strong> 17 B POLE CRAU DURANCE, 13670 SAINT-ANDIOL, Francia<br \/><strong>SIRET :<\/strong> 88757817700016<br \/><strong>N\u00famero de IVA intracomunitario :<\/strong> FR56887578177<br \/><strong>Tribunal competente :<\/strong> Tarasc\u00f3n (Tribunal de Comercio)<\/p><p><strong>Correo electr\u00f3nico :<\/strong> <span style=\"text-decoration: underline;\"><a href=\"mailto:contact@vivibrands-couture.com\" target=\"_blank\" rel=\"noopener\">contact@vivibrands-couture.com<\/a><\/span><br \/><strong>Contacto para datos personales:<\/strong> <span style=\"text-decoration: underline;\"><a href=\"mailto:dataprotection@vivibrands-couture.com\" target=\"_blank\" rel=\"noopener\">dataprotection@vivibrands-couture.com<\/a><\/span><\/p>\t\t\t\t\t\t\t\t<\/div>\n\t\t\t\t<div class=\"elementor-element elementor-element-b2aa84f elementor-widget-divider--view-line elementor-widget elementor-widget-divider\" data-id=\"b2aa84f\" data-element_type=\"widget\" data-e-type=\"widget\" data-widget_type=\"divider.default\">\n\t\t\t\t\t\t\t<div class=\"elementor-divider\">\n\t\t\t<span class=\"elementor-divider-separator\">\n\t\t\t\t\t\t<\/span>\n\t\t<\/div>\n\t\t\t\t\t\t<\/div>\n\t\t\t\t<div class=\"elementor-element elementor-element-24472a5 elementor-widget elementor-widget-heading\" data-id=\"24472a5\" data-element_type=\"widget\" data-e-type=\"widget\" data-widget_type=\"heading.default\">\n\t\t\t\t\t<h3 class=\"elementor-heading-title elementor-size-default\">Alojamiento<\/h3>\t\t\t\t<\/div>\n\t\t\t\t<div class=\"elementor-element elementor-element-d55c42d elementor-widget elementor-widget-text-editor\" data-id=\"d55c42d\" data-element_type=\"widget\" data-e-type=\"widget\" data-widget_type=\"text-editor.default\">\n\t\t\t\t\t\t\t\t\t<div class=\"elementor-element elementor-element-d55c42d elementor-widget elementor-widget-text-editor\" data-widget_type=\"text-editor.default\" data-element_type=\"widget\" data-id=\"d55c42d\"><div class=\"elementor-widget-container\"><p class=\"\" data-end=\"125\" data-start=\"20\"><strong data-end=\"75\" data-start=\"20\">P\u00e1gina principal (<a href=\"http:\/\/vivibrands.fr\/es\/\" target=\"_blank\" rel=\"noopener\">vivibrands.fr<\/a> &amp; blog de WordPress)<\/strong><br data-end=\"78\" data-start=\"75\" \/>Alojado por Hostinger International Limited<\/p><ul><li data-end=\"125\" data-start=\"20\">C\u00f3digo de entidad jur\u00eddica: CY10301365E<\/li><li data-end=\"166\" data-start=\"130\">Domicilio social: 61, Lordou Vironos Street, Lumiel Building, 4\u1d49 piso, Larnaca 6023, Chipre.<\/li><li data-end=\"294\" data-start=\"264\">P\u00e1gina web :\u00a0<a class=\"\" href=\"http:\/\/www.hostinger.com\" rel=\"noopener\">www.hostinger.com<\/a><\/li><\/ul><\/div><\/div><div class=\"elementor-element elementor-element-bff3fb3 elementor-widget-divider--view-line elementor-widget elementor-widget-divider\" data-widget_type=\"divider.default\" data-element_type=\"widget\" data-id=\"bff3fb3\"><div class=\"elementor-widget-container\"><div class=\"elementor-divider\"><p class=\"\" data-start=\"298\" data-end=\"408\"><strong data-start=\"298\" data-end=\"345\">Tienda en l\u00ednea (<a href=\"https:\/\/boutique.vivibrands.fr\" target=\"_blank\" rel=\"noopener\">boutique.vivibrands.fr<\/a>) <\/strong>Alojado por Shopify Inc.<\/p><\/div><ul><li data-start=\"413\" data-end=\"529\">Sede social: 151 rue O'Connor, planta baja, Ottawa (Ontario) K2P 2L8, Canad\u00e1<\/li><li data-start=\"534\" data-end=\"560\">P\u00e1gina web :\u00a0<a class=\"\" href=\"http:\/\/www.shopify.com\" rel=\"noopener\">www.shopify.com<\/a><\/li><\/ul><\/div><\/div>\t\t\t\t\t\t\t\t<\/div>\n\t\t\t\t<div class=\"elementor-element elementor-element-bff3fb3 elementor-widget-divider--view-line elementor-widget elementor-widget-divider\" data-id=\"bff3fb3\" data-element_type=\"widget\" data-e-type=\"widget\" data-widget_type=\"divider.default\">\n\t\t\t\t\t\t\t<div class=\"elementor-divider\">\n\t\t\t<span class=\"elementor-divider-separator\">\n\t\t\t\t\t\t<\/span>\n\t\t<\/div>\n\t\t\t\t\t\t<\/div>\n\t\t\t\t<div class=\"elementor-element elementor-element-f8ba328 elementor-widget elementor-widget-heading\" data-id=\"f8ba328\" data-element_type=\"widget\" data-e-type=\"widget\" data-widget_type=\"heading.default\">\n\t\t\t\t\t<h3 class=\"elementor-heading-title elementor-size-default\">Propiedad intelectual<\/h3>\t\t\t\t<\/div>\n\t\t\t\t<div class=\"elementor-element elementor-element-e95dd9d elementor-widget elementor-widget-text-editor\" data-id=\"e95dd9d\" data-element_type=\"widget\" data-e-type=\"widget\" data-widget_type=\"text-editor.default\">\n\t\t\t\t\t\t\t\t\t<p>Todos los elementos disponibles en este sitio (textos, im\u00e1genes, gr\u00e1ficos, logotipos, v\u00eddeos, iconos, etc.) est\u00e1n protegidos por las leyes de propiedad intelectual de Francia y de otros pa\u00edses en los que se puede acceder al sitio.<\/p><p>Cualquier reproducci\u00f3n, distribuci\u00f3n, modificaci\u00f3n o utilizaci\u00f3n, incluso parcial, de los contenidos sin autorizaci\u00f3n previa de <strong>CORPORACI\u00d3N PLATEADA<\/strong> est\u00e1 estrictamente prohibido. Dichas infracciones podr\u00e1n ser perseguidas de conformidad con la legislaci\u00f3n vigente en su pa\u00eds de residencia.<\/p>\t\t\t\t\t\t\t\t<\/div>\n\t\t\t\t<div class=\"elementor-element elementor-element-73d8856 elementor-widget-divider--view-line elementor-widget elementor-widget-divider\" data-id=\"73d8856\" data-element_type=\"widget\" data-e-type=\"widget\" data-widget_type=\"divider.default\">\n\t\t\t\t\t\t\t<div class=\"elementor-divider\">\n\t\t\t<span class=\"elementor-divider-separator\">\n\t\t\t\t\t\t<\/span>\n\t\t<\/div>\n\t\t\t\t\t\t<\/div>\n\t\t\t\t<div class=\"elementor-element elementor-element-4dbe444 elementor-widget elementor-widget-heading\" data-id=\"4dbe444\" data-element_type=\"widget\" data-e-type=\"widget\" data-widget_type=\"heading.default\">\n\t\t\t\t\t<h3 class=\"elementor-heading-title elementor-size-default\">Responsabilidad<\/h3>\t\t\t\t<\/div>\n\t\t\t\t<div class=\"elementor-element elementor-element-86ae2f5 elementor-widget elementor-widget-text-editor\" data-id=\"86ae2f5\" data-element_type=\"widget\" data-e-type=\"widget\" data-widget_type=\"text-editor.default\">\n\t\t\t\t\t\t\t\t\t<p><strong>CORPORACI\u00d3N PLATEADA<\/strong> hace todo lo posible para proporcionar informaci\u00f3n precisa y actualizada en el sitio ViviBrands. Sin embargo, la empresa no garantiza la exactitud, integridad o actualidad de la informaci\u00f3n proporcionada y no acepta ninguna responsabilidad por cualquier da\u00f1o directo o indirecto resultante del uso de este sitio.<\/p>\t\t\t\t\t\t\t\t<\/div>\n\t\t\t\t<div class=\"elementor-element elementor-element-47dbc07 elementor-widget-divider--view-line elementor-widget elementor-widget-divider\" data-id=\"47dbc07\" data-element_type=\"widget\" data-e-type=\"widget\" data-widget_type=\"divider.default\">\n\t\t\t\t\t\t\t<div class=\"elementor-divider\">\n\t\t\t<span class=\"elementor-divider-separator\">\n\t\t\t\t\t\t<\/span>\n\t\t<\/div>\n\t\t\t\t\t\t<\/div>\n\t\t\t\t<div class=\"elementor-element elementor-element-b53e73e elementor-widget elementor-widget-heading\" data-id=\"b53e73e\" data-element_type=\"widget\" data-e-type=\"widget\" data-widget_type=\"heading.default\">\n\t\t\t\t\t<h3 class=\"elementor-heading-title elementor-size-default\">Uso de datos personales<\/h3>\t\t\t\t<\/div>\n\t\t\t\t<div class=\"elementor-element elementor-element-cab8502 elementor-widget elementor-widget-text-editor\" data-id=\"cab8502\" data-element_type=\"widget\" data-e-type=\"widget\" data-widget_type=\"text-editor.default\">\n\t\t\t\t\t\t\t\t\t<p>Para obtener informaci\u00f3n detallada sobre la recogida y el tratamiento de sus datos personales, consulte nuestro <a href=\"#\" rel=\"noopener\"><span style=\"text-decoration: underline;\">Pol\u00edtica de privacidad<\/span><\/a>.<\/p>\t\t\t\t\t\t\t\t<\/div>\n\t\t\t\t<div class=\"elementor-element elementor-element-dd4ba7c elementor-widget-divider--view-line elementor-widget elementor-widget-divider\" data-id=\"dd4ba7c\" data-element_type=\"widget\" data-e-type=\"widget\" data-widget_type=\"divider.default\">\n\t\t\t\t\t\t\t<div class=\"elementor-divider\">\n\t\t\t<span class=\"elementor-divider-separator\">\n\t\t\t\t\t\t<\/span>\n\t\t<\/div>\n\t\t\t\t\t\t<\/div>\n\t\t\t\t<div class=\"elementor-element elementor-element-b3aae79 elementor-widget elementor-widget-heading\" data-id=\"b3aae79\" data-element_type=\"widget\" data-e-type=\"widget\" data-widget_type=\"heading.default\">\n\t\t\t\t\t<h3 class=\"elementor-heading-title elementor-size-default\">Cookies<\/h3>\t\t\t\t<\/div>\n\t\t\t\t<div class=\"elementor-element elementor-element-1bc14c5 elementor-widget elementor-widget-text-editor\" data-id=\"1bc14c5\" data-element_type=\"widget\" data-e-type=\"widget\" data-widget_type=\"text-editor.default\">\n\t\t\t\t\t\t\t\t\t<p>Este sitio utiliza cookies para mejorar la experiencia del usuario y analizar el tr\u00e1fico. Para m\u00e1s informaci\u00f3n o para ajustar sus preferencias, visite nuestro <a href=\"#\" rel=\"noopener\">Pol\u00edtica de cookies<\/a>.<\/p>\t\t\t\t\t\t\t\t<\/div>\n\t\t\t\t<div class=\"elementor-element elementor-element-8491324 elementor-widget-divider--view-line elementor-widget elementor-widget-divider\" data-id=\"8491324\" data-element_type=\"widget\" data-e-type=\"widget\" data-widget_type=\"divider.default\">\n\t\t\t\t\t\t\t<div class=\"elementor-divider\">\n\t\t\t<span class=\"elementor-divider-separator\">\n\t\t\t\t\t\t<\/span>\n\t\t<\/div>\n\t\t\t\t\t\t<\/div>\n\t\t\t\t<div class=\"elementor-element elementor-element-4a13357 elementor-widget elementor-widget-heading\" data-id=\"4a13357\" data-element_type=\"widget\" data-e-type=\"widget\" data-widget_type=\"heading.default\">\n\t\t\t\t\t<h3 class=\"elementor-heading-title elementor-size-default\">Jurisdicci\u00f3n aplicable<\/h3>\t\t\t\t<\/div>\n\t\t\t\t<div class=\"elementor-element elementor-element-4cf93f8 elementor-widget elementor-widget-text-editor\" data-id=\"4cf93f8\" data-element_type=\"widget\" data-e-type=\"widget\" data-widget_type=\"text-editor.default\">\n\t\t\t\t\t\t\t\t\t<p>Para cualquier litigio relacionado con el uso del sitio web de ViviBrands:<\/p><ol><li>Las transacciones realizadas en la Uni\u00f3n Europea est\u00e1n sujetas a las leyes y tribunales competentes del pa\u00eds del comprador, de acuerdo con la normativa europea (Reglamento (UE) n\u00ba 1215\/2012).<\/li><li>Para las transacciones internacionales fuera de la UE, se aplicar\u00e1 la legislaci\u00f3n francesa y los tribunales competentes ser\u00e1n los de la jurisdicci\u00f3n del domicilio social de SILVERED CORPORATION.<\/li><\/ol>\t\t\t\t\t\t\t\t<\/div>\n\t\t\t\t<\/div>\n\t\t\t\t<\/div>\n\t\t\t\t<\/div>","protected":false},"excerpt":{"rendered":"<p>Mentions L\u00e9gales \u00c9diteur du site Le site ViviBrands est exploit\u00e9 par :Soci\u00e9t\u00e9 : SILVERED CORPORATIONAdresse : 17 B POLE CRAU DURANCE, 13670 SAINT-ANDIOL, FranceSIRET : 88757817700016Num\u00e9ro TVA Intracommunautaire : FR56887578177Tribunal comp\u00e9tent : Tarascon (Tribunal de Commerce) Email : contact@vivibrands-couture.comContact pour les donn\u00e9es personnelles : dataprotection@vivibrands-couture.com H\u00e9bergement Site principal (vivibrands.fr &amp; blog WordPress)H\u00e9berg\u00e9 par Hostinger International [&hellip;]<\/p>\n","protected":false},"author":1,"featured_media":0,"parent":0,"menu_order":0,"comment_status":"closed","ping_status":"closed","template":"","meta":{"footnotes":""},"class_list":["post-204772","page","type-page","status-publish","hentry"],"yoast_head":"<!-- This site is optimized with the Yoast SEO Premium plugin v25.9 (Yoast SEO v27.2) - https:\/\/yoast.com\/product\/yoast-seo-premium-wordpress\/ -->\n<title>Mentions l\u00e9gales | ViviBrands<\/title>\n<meta name=\"description\" content=\"Mentions l\u00e9gales : \u00e9diteur du site, informations d\u2019identification, propri\u00e9t\u00e9 intellectuelle, donn\u00e9es de contact et responsabilit\u00e9s.\" \/>\n<meta name=\"robots\" content=\"index, follow, max-snippet:-1, max-video-preview:-1, noimageindex, noarchive\" \/>\n<link rel=\"canonical\" href=\"https:\/\/vivibrands.fr\/es\/informacion-legal\/\" \/>\n<meta property=\"og:locale\" content=\"es_ES\" \/>\n<meta property=\"og:type\" content=\"article\" \/>\n<meta property=\"og:title\" content=\"Mentions L\u00e9gales\" \/>\n<meta property=\"og:description\" content=\"Mentions l\u00e9gales : \u00e9diteur du site, informations d\u2019identification, propri\u00e9t\u00e9 intellectuelle, donn\u00e9es de contact et responsabilit\u00e9s.\" \/>\n<meta property=\"og:url\" content=\"https:\/\/vivibrands.fr\/es\/informacion-legal\/\" \/>\n<meta property=\"og:site_name\" content=\"ViviBrands\" \/>\n<meta property=\"article:modified_time\" content=\"2025-10-01T19:44:19+00:00\" \/>\n<meta name=\"twitter:card\" content=\"summary_large_image\" \/>\n<meta name=\"twitter:label1\" content=\"Tiempo de lectura\" \/>\n\t<meta name=\"twitter:data1\" content=\"1 minuto\" \/>\n<script type=\"application\/ld+json\" class=\"yoast-schema-graph\">{\"@context\":\"https:\/\/schema.org\",\"@graph\":[{\"@type\":\"WebPage\",\"@id\":\"https:\/\/vivibrands.fr\/mentions-legales\/\",\"url\":\"https:\/\/vivibrands.fr\/mentions-legales\/\",\"name\":\"Mentions l\u00e9gales | ViviBrands\",\"isPartOf\":{\"@id\":\"https:\/\/vivibrands.fr\/#website\"},\"datePublished\":\"2024-11-21T17:24:21+00:00\",\"dateModified\":\"2025-10-01T19:44:19+00:00\",\"description\":\"Mentions l\u00e9gales : \u00e9diteur du site, informations d\u2019identification, propri\u00e9t\u00e9 intellectuelle, donn\u00e9es de contact et responsabilit\u00e9s.\",\"breadcrumb\":{\"@id\":\"https:\/\/vivibrands.fr\/mentions-legales\/#breadcrumb\"},\"inLanguage\":\"es\",\"potentialAction\":[{\"@type\":\"ReadAction\",\"target\":[\"https:\/\/vivibrands.fr\/mentions-legales\/\"]}]},{\"@type\":\"BreadcrumbList\",\"@id\":\"https:\/\/vivibrands.fr\/mentions-legales\/#breadcrumb\",\"itemListElement\":[{\"@type\":\"ListItem\",\"position\":1,\"name\":\"Accueil\",\"item\":\"https:\/\/vivibrands.fr\/\"},{\"@type\":\"ListItem\",\"position\":2,\"name\":\"Mentions l\u00e9gales\"}]},{\"@type\":\"WebSite\",\"@id\":\"https:\/\/vivibrands.fr\/#website\",\"url\":\"https:\/\/vivibrands.fr\/\",\"name\":\"ViviBrands\",\"description\":\"The world is yours !\",\"publisher\":{\"@id\":\"https:\/\/vivibrands.fr\/#organization\"},\"potentialAction\":[{\"@type\":\"SearchAction\",\"target\":{\"@type\":\"EntryPoint\",\"urlTemplate\":\"https:\/\/vivibrands.fr\/?s={search_term_string}\"},\"query-input\":{\"@type\":\"PropertyValueSpecification\",\"valueRequired\":true,\"valueName\":\"search_term_string\"}}],\"inLanguage\":\"es\"},{\"@type\":\"Organization\",\"@id\":\"https:\/\/vivibrands.fr\/#organization\",\"name\":\"Silvered Corporation\",\"url\":\"https:\/\/vivibrands.fr\/\",\"logo\":{\"@type\":\"ImageObject\",\"inLanguage\":\"es\",\"@id\":\"https:\/\/vivibrands.fr\/#\/schema\/logo\/image\/\",\"url\":\"https:\/\/vivibrands.fr\/wp-content\/uploads\/2025\/08\/Logo_Logo_WEB_Complet-Noir-Blanc.svg\",\"contentUrl\":\"https:\/\/vivibrands.fr\/wp-content\/uploads\/2025\/08\/Logo_Logo_WEB_Complet-Noir-Blanc.svg\",\"width\":3000,\"height\":3000,\"caption\":\"Silvered Corporation\"},\"image\":{\"@id\":\"https:\/\/vivibrands.fr\/#\/schema\/logo\/image\/\"},\"description\":\"Silvered Corporation est l\u2019entit\u00e9 juridique du groupe ViviPops, portail qui r\u00e9unit nos marques. Notre division mode ViviBrands propose en Europe des v\u00eatements, accessoires et chaussures pour tous. Nous favorisons les fili\u00e8res et mati\u00e8res plus responsables lorsque c\u2019est possible et indiquons, produit par produit, les informations de composition, de tra\u00e7abilit\u00e9 et de durabilit\u00e9 disponibles.\",\"legalName\":\"Silvered Corporation\",\"foundingDate\":\"2020-07-28\",\"vatID\":\"FR56887578177\",\"taxID\":\"88757817700016\",\"numberOfEmployees\":{\"@type\":\"QuantitativeValue\",\"minValue\":\"1\",\"maxValue\":\"10\"}}]}<\/script>\n<!-- \/ Yoast SEO Premium plugin. -->","yoast_head_json":{"title":"Informaci\u00f3n jur\u00eddica | ViviBrands","description":"Informaci\u00f3n legal: editor del sitio, datos de identificaci\u00f3n, propiedad intelectual, datos de contacto y responsabilidades.","robots":{"index":"index","follow":"follow","max-snippet":"max-snippet:-1","max-video-preview":"max-video-preview:-1","imageindex":"noimageindex","archive":"noarchive"},"canonical":"https:\/\/vivibrands.fr\/es\/informacion-legal\/","og_locale":"es_ES","og_type":"article","og_title":"Mentions L\u00e9gales","og_description":"Mentions l\u00e9gales : \u00e9diteur du site, informations d\u2019identification, propri\u00e9t\u00e9 intellectuelle, donn\u00e9es de contact et responsabilit\u00e9s.","og_url":"https:\/\/vivibrands.fr\/es\/informacion-legal\/","og_site_name":"ViviBrands","article_modified_time":"2025-10-01T19:44:19+00:00","twitter_card":"summary_large_image","twitter_misc":{"Tiempo de lectura":"1 minuto"},"schema":{"@context":"https:\/\/schema.org","@graph":[{"@type":"WebPage","@id":"https:\/\/vivibrands.fr\/mentions-legales\/","url":"https:\/\/vivibrands.fr\/mentions-legales\/","name":"Informaci\u00f3n jur\u00eddica | ViviBrands","isPartOf":{"@id":"https:\/\/vivibrands.fr\/#website"},"datePublished":"2024-11-21T17:24:21+00:00","dateModified":"2025-10-01T19:44:19+00:00","description":"Informaci\u00f3n legal: editor del sitio, datos de identificaci\u00f3n, propiedad intelectual, datos de contacto y responsabilidades.","breadcrumb":{"@id":"https:\/\/vivibrands.fr\/mentions-legales\/#breadcrumb"},"inLanguage":"es","potentialAction":[{"@type":"ReadAction","target":["https:\/\/vivibrands.fr\/mentions-legales\/"]}]},{"@type":"BreadcrumbList","@id":"https:\/\/vivibrands.fr\/mentions-legales\/#breadcrumb","itemListElement":[{"@type":"ListItem","position":1,"name":"Accueil","item":"https:\/\/vivibrands.fr\/"},{"@type":"ListItem","position":2,"name":"Mentions l\u00e9gales"}]},{"@type":"WebSite","@id":"https:\/\/vivibrands.fr\/#website","url":"https:\/\/vivibrands.fr\/","name":"ViviBrands","description":"\u00a1El mundo es tuyo!","publisher":{"@id":"https:\/\/vivibrands.fr\/#organization"},"potentialAction":[{"@type":"SearchAction","target":{"@type":"EntryPoint","urlTemplate":"https:\/\/vivibrands.fr\/?s={search_term_string}"},"query-input":{"@type":"PropertyValueSpecification","valueRequired":true,"valueName":"search_term_string"}}],"inLanguage":"es"},{"@type":"Organization","@id":"https:\/\/vivibrands.fr\/#organization","name":"Corporaci\u00f3n Silvered","url":"https:\/\/vivibrands.fr\/","logo":{"@type":"ImageObject","inLanguage":"es","@id":"https:\/\/vivibrands.fr\/#\/schema\/logo\/image\/","url":"https:\/\/vivibrands.fr\/wp-content\/uploads\/2025\/08\/Logo_Logo_WEB_Complet-Noir-Blanc.svg","contentUrl":"https:\/\/vivibrands.fr\/wp-content\/uploads\/2025\/08\/Logo_Logo_WEB_Complet-Noir-Blanc.svg","width":3000,"height":3000,"caption":"Silvered Corporation"},"image":{"@id":"https:\/\/vivibrands.fr\/#\/schema\/logo\/image\/"},"description":"Silvered Corporation es la entidad jur\u00eddica del grupo ViviPops, el portal que re\u00fane nuestras marcas. Nuestra divisi\u00f3n de moda ViviBrands ofrece ropa, accesorios y calzado para todos los europeos. Siempre que es posible, favorecemos las fuentes de suministro y los materiales m\u00e1s responsables, e indicamos la composici\u00f3n, la trazabilidad y la informaci\u00f3n sobre sostenibilidad disponible para cada producto.","legalName":"Silvered Corporation","foundingDate":"2020-07-28","vatID":"FR56887578177","taxID":"88757817700016","numberOfEmployees":{"@type":"QuantitativeValue","minValue":"1","maxValue":"10"}}]}},"_links":{"self":[{"href":"https:\/\/vivibrands.fr\/es\/wp-json\/wp\/v2\/pages\/204772","targetHints":{"allow":["GET"]}}],"collection":[{"href":"https:\/\/vivibrands.fr\/es\/wp-json\/wp\/v2\/pages"}],"about":[{"href":"https:\/\/vivibrands.fr\/es\/wp-json\/wp\/v2\/types\/page"}],"author":[{"embeddable":true,"href":"https:\/\/vivibrands.fr\/es\/wp-json\/wp\/v2\/users\/1"}],"replies":[{"embeddable":true,"href":"https:\/\/vivibrands.fr\/es\/wp-json\/wp\/v2\/comments?post=204772"}],"version-history":[{"count":10,"href":"https:\/\/vivibrands.fr\/es\/wp-json\/wp\/v2\/pages\/204772\/revisions"}],"predecessor-version":[{"id":228458,"href":"https:\/\/vivibrands.fr\/es\/wp-json\/wp\/v2\/pages\/204772\/revisions\/228458"}],"wp:attachment":[{"href":"https:\/\/vivibrands.fr\/es\/wp-json\/wp\/v2\/media?parent=204772"}],"curies":[{"name":"wp","href":"https:\/\/api.w.org\/{rel}","templated":true}]}}